{"id":74,"date":"2023-03-30T10:35:39","date_gmt":"2023-03-30T13:35:39","guid":{"rendered":"https:\/\/museo.vallenar.cl\/?page_id=74"},"modified":"2023-09-29T09:42:38","modified_gmt":"2023-09-29T13:42:38","slug":"alfonso-sanguinetti-mulet","status":"publish","type":"page","link":"https:\/\/museo.vallenar.cl\/?page_id=74","title":{"rendered":"Alfonso Sanguinetti Mulet"},"content":{"rendered":"<p>[et_pb_section fb_built=\u00bb1&#8243; _builder_version=\u00bb4.21.0&#8243; _module_preset=\u00bbdefault\u00bb hover_enabled=\u00bb0&#8243; global_colors_info=\u00bb{}\u00bb sticky_enabled=\u00bb0&#8243;][et_pb_row column_structure=\u00bb1_5,3_5,1_5&#8243; _builder_version=\u00bb4.21.0&#8243; _module_preset=\u00bbdefault\u00bb global_colors_info=\u00bb{}\u00bb][et_pb_column type=\u00bb1_5&#8243; _builder_version=\u00bb4.21.0&#8243; _module_preset=\u00bbdefault\u00bb global_colors_info=\u00bb{}\u00bb][\/et_pb_column][et_pb_column type=\u00bb3_5&#8243; _builder_version=\u00bb4.21.0&#8243; _module_preset=\u00bbdefault\u00bb global_colors_info=\u00bb{}\u00bb][et_pb_text _builder_version=\u00bb4.21.0&#8243; _module_preset=\u00bbdefault\u00bb global_colors_info=\u00bb{}\u00bb]<\/p>\n<h2><strong>Fundador y primer director del Museo<\/strong><\/h2>\n<p>&nbsp;<\/p>\n<p style=\"text-align: justify;\"><img loading=\"lazy\" decoding=\"async\" src=\"https:\/\/museo.vallenar.cl\/wp-content\/uploads\/2023\/09\/WhatsApp-Image-2023-09-28-at-1.11.11-PM-135x300.jpeg\" width=\"143\" height=\"318\" alt=\"\" class=\"wp-image-292 alignleft size-medium\" \/>Don Alfonso Sanguinetti Mulet, naci\u00f3 en Vallenar el domingo 3 de enero de 1932. Curs\u00f3 sus estudios b\u00e1sicos en su ciudad natal en la escuela N\u00b0 3 y posteriormente en La Serena en el Seminario Conciliar y Colegio San Antonio, en tanto su formaci\u00f3n estudiantil media, la recibi\u00f3 en el Liceo de Hombres de Ovalle.<\/p>\n<p style=\"text-align: justify;\">Hombre de un esp\u00edritu inquieto, incursiona en diversos \u201csaberes\u201d, entre ellos; la arqueolog\u00eda, con ese mismo esp\u00edritu le fue dando un conocimiento cada vez m\u00e1s profundo sobre el entonces Departamento del Huasco, Provincia de Atacama y su compromiso con su ciudad, fue la creaci\u00f3n del Museo del Huasco para conservar y exponer los objetos y piezas de los hallazgos arqueol\u00f3gicos e hist\u00f3ricos que manten\u00eda en su colecci\u00f3n particular. La misi\u00f3n la cumpli\u00f3 el s\u00e1bado 28 de septiembre de 1968 para lo cual, cont\u00f3 con el respaldo del grupo cultural de profesores vallenarinos \u201cHoracio Canales Guzm\u00e1n\u201d y el patrocinio del municipio de nuestra ciudad con su alcalde Emilio Zalaquett Issa.<\/p>\n<p style=\"text-align: justify;\">Como figura p\u00fablica, Sanguinetti Mulet, se incorpora a la Ilustre Municipalidad de Vallenar, como regidor por el Partido Comunista de Chile en dos periodos, logro conseguir m\u00e1s apoyo de la municipalidad para la instalaci\u00f3n de vitrinas y mantener una buena sala con exposiciones museogr\u00e1ficas fijas en el segundo piso del Teatro Municipal, donde compart\u00eda con el Departamento de Cultura y Biblioteca.<\/p>\n<p style=\"text-align: justify;\">Su tenaz inter\u00e9s cultural por el Valle del Huasco, lo llev\u00f3 a cumplir tareas, tales como la presentaci\u00f3n de los antecedentes de las Chimeneas de Labrar para que fueran declaradas Monumento Nacional, la creaci\u00f3n de la Biblioteca P\u00fablica de Vallenar y por supuesto el Museo.<\/p>\n<p style=\"text-align: justify;\">Falleci\u00f3 el jueves 4 de abril de 1985 en Vallenar.<\/p>\n<p>[\/et_pb_text][\/et_pb_column][et_pb_column type=\u00bb1_5&#8243; _builder_version=\u00bb4.21.0&#8243; _module_preset=\u00bbdefault\u00bb global_colors_info=\u00bb{}\u00bb][\/et_pb_column][\/et_pb_row][\/et_pb_section]<\/p>\n","protected":false},"excerpt":{"rendered":"<p>Fundador y primer director del Museo &nbsp; Don Alfonso Sanguinetti Mulet, naci\u00f3 en Vallenar el domingo 3 de enero de 1932. Curs\u00f3 sus estudios b\u00e1sicos en su ciudad natal en la escuela N\u00b0 3 y posteriormente en La Serena en el Seminario Conciliar y Colegio San Antonio, en tanto su formaci\u00f3n estudiantil media, la recibi\u00f3 [&hellip;]<\/p>\n","protected":false},"author":2,"featured_media":0,"parent":0,"menu_order":0,"comment_status":"closed","ping_status":"closed","template":"","meta":{"_et_pb_use_builder":"on","_et_pb_old_content":"","_et_gb_content_width":"","footnotes":""},"class_list":["post-74","page","type-page","status-publish","hentry"],"_links":{"self":[{"href":"https:\/\/museo.vallenar.cl\/index.php?rest_route=\/wp\/v2\/pages\/74","targetHints":{"allow":["GET"]}}],"collection":[{"href":"https:\/\/museo.vallenar.cl\/index.php?rest_route=\/wp\/v2\/pages"}],"about":[{"href":"https:\/\/museo.vallenar.cl\/index.php?rest_route=\/wp\/v2\/types\/page"}],"author":[{"embeddable":true,"href":"https:\/\/museo.vallenar.cl\/index.php?rest_route=\/wp\/v2\/users\/2"}],"replies":[{"embeddable":true,"href":"https:\/\/museo.vallenar.cl\/index.php?rest_route=%2Fwp%2Fv2%2Fcomments&post=74"}],"version-history":[{"count":5,"href":"https:\/\/museo.vallenar.cl\/index.php?rest_route=\/wp\/v2\/pages\/74\/revisions"}],"predecessor-version":[{"id":333,"href":"https:\/\/museo.vallenar.cl\/index.php?rest_route=\/wp\/v2\/pages\/74\/revisions\/333"}],"wp:attachment":[{"href":"https:\/\/museo.vallenar.cl\/index.php?rest_route=%2Fwp%2Fv2%2Fmedia&parent=74"}],"curies":[{"name":"wp","href":"https:\/\/api.w.org\/{rel}","templated":true}]}}