{"id":76,"date":"2023-03-30T10:35:56","date_gmt":"2023-03-30T13:35:56","guid":{"rendered":"https:\/\/museo.vallenar.cl\/?page_id=76"},"modified":"2023-09-28T14:15:42","modified_gmt":"2023-09-28T18:15:42","slug":"jorge-zambra","status":"publish","type":"page","link":"https:\/\/museo.vallenar.cl\/?page_id=76","title":{"rendered":"Jorge Zambra"},"content":{"rendered":"<p>[et_pb_section fb_built=\u00bb1&#8243; theme_builder_area=\u00bbpost_content\u00bb _builder_version=\u00bb4.21.0&#8243; _module_preset=\u00bbdefault\u00bb][et_pb_row _builder_version=\u00bb4.21.0&#8243; _module_preset=\u00bbdefault\u00bb column_structure=\u00bb1_5,3_5,1_5&#8243; theme_builder_area=\u00bbpost_content\u00bb][et_pb_column _builder_version=\u00bb4.21.0&#8243; _module_preset=\u00bbdefault\u00bb type=\u00bb1_5&#8243; theme_builder_area=\u00bbpost_content\u00bb][\/et_pb_column][et_pb_column _builder_version=\u00bb4.21.0&#8243; _module_preset=\u00bbdefault\u00bb type=\u00bb3_5&#8243; theme_builder_area=\u00bbpost_content\u00bb][et_pb_text _builder_version=\u00bb4.21.0&#8243; _module_preset=\u00bbdefault\u00bb theme_builder_area=\u00bbpost_content\u00bb hover_enabled=\u00bb0&#8243; sticky_enabled=\u00bb0&#8243;]<\/p>\n<h2 style=\"text-align: justify;\">La llegada de Jorge Zambra Contreras<\/h2>\n<p style=\"text-align: justify;\"><img loading=\"lazy\" decoding=\"async\" src=\"https:\/\/museo.vallenar.cl\/wp-content\/uploads\/2023\/09\/Captura-de-Pantalla-2023-09-28-a-las-15.13.56-300x178.png\" width=\"375\" height=\"222\" alt=\"\" class=\"wp-image-301 alignleft size-medium\" \/>Despu\u00e9s del cierre temporal del museo, asumi\u00f3 como director encargado don Jorge Zambra Contreras, destacado escritor, profesor y periodista, nacido en el a\u00f1o 1932 en La Serena pero que se considera un Vallenarino de tomo y lomo.<\/p>\n<p style=\"text-align: justify;\">Zambra Contreras, dirigi\u00f3 el Museo del Huasco desde 1986 a 2019, donde se desempe\u00f1o de divulgador, protector y defensor del patrimonio del Valle del Huasco, manteniendo siempre viva la llama de la cultura de este territorio, cuidando, adquiriendo y recibiendo donaciones, comprando con su propio esfuerzo y atendiendo a los visitantes con dedicaci\u00f3n, profesionalismo, paciencia, conocimiento y mucho amor por la historia y patrimonio de esta tierra que lo adopt\u00f3, como uno de sus hijos.<\/p>\n<p style=\"text-align: justify;\">En su larga trayectoria al frente del Museo del Huasco, recorri\u00f3 cada rinc\u00f3n de la provincia del Huasco y con el paso del tiempo funcionando en diferentes lugares de la ciudad de Vallenar lo llevo a seguir colaborando por su propia iniciativa, hasta el 17 de marzo de 2020 ocasi\u00f3n en la cual debi\u00f3 retirarse a su casa, por la declaraci\u00f3n de la pandemia Covid-19 e iniciar cuarentena en los hogares.<\/p>\n<p style=\"text-align: justify;\">Permaneci\u00f3 por 34 a\u00f1os, dirigiendo, las actividades propias del Museo, editando los boletines \u201cCarta de Vallenar\u201d y \u201cVentana Abierta\u201d, concursos de cuentos, recorridos por sitios arqueol\u00f3gicos, hist\u00f3ricos, mineros, agr\u00edcolas, arquitect\u00f3nicos y su gran lucha, fue contar con un local permanente y propio para el funcionamiento del Museo del Huasco, lo que se logr\u00f3 en el 2019.<\/p>\n<p>[\/et_pb_text][\/et_pb_column][et_pb_column _builder_version=\u00bb4.21.0&#8243; _module_preset=\u00bbdefault\u00bb type=\u00bb1_5&#8243; theme_builder_area=\u00bbpost_content\u00bb][\/et_pb_column][\/et_pb_row][\/et_pb_section]<\/p>\n","protected":false},"excerpt":{"rendered":"<p>La llegada de Jorge Zambra Contreras Despu\u00e9s del cierre temporal del museo, asumi\u00f3 como director encargado don Jorge Zambra Contreras, destacado escritor, profesor y periodista, nacido en el a\u00f1o 1932 en La Serena pero que se considera un Vallenarino de tomo y lomo. Zambra Contreras, dirigi\u00f3 el Museo del Huasco desde 1986 a 2019, donde [&hellip;]<\/p>\n","protected":false},"author":2,"featured_media":0,"parent":0,"menu_order":0,"comment_status":"closed","ping_status":"closed","template":"","meta":{"_et_pb_use_builder":"on","_et_pb_old_content":"","_et_gb_content_width":"","footnotes":""},"class_list":["post-76","page","type-page","status-publish","hentry"],"_links":{"self":[{"href":"https:\/\/museo.vallenar.cl\/index.php?rest_route=\/wp\/v2\/pages\/76","targetHints":{"allow":["GET"]}}],"collection":[{"href":"https:\/\/museo.vallenar.cl\/index.php?rest_route=\/wp\/v2\/pages"}],"about":[{"href":"https:\/\/museo.vallenar.cl\/index.php?rest_route=\/wp\/v2\/types\/page"}],"author":[{"embeddable":true,"href":"https:\/\/museo.vallenar.cl\/index.php?rest_route=\/wp\/v2\/users\/2"}],"replies":[{"embeddable":true,"href":"https:\/\/museo.vallenar.cl\/index.php?rest_route=%2Fwp%2Fv2%2Fcomments&post=76"}],"version-history":[{"count":4,"href":"https:\/\/museo.vallenar.cl\/index.php?rest_route=\/wp\/v2\/pages\/76\/revisions"}],"predecessor-version":[{"id":302,"href":"https:\/\/museo.vallenar.cl\/index.php?rest_route=\/wp\/v2\/pages\/76\/revisions\/302"}],"wp:attachment":[{"href":"https:\/\/museo.vallenar.cl\/index.php?rest_route=%2Fwp%2Fv2%2Fmedia&parent=76"}],"curies":[{"name":"wp","href":"https:\/\/api.w.org\/{rel}","templated":true}]}}